{"id":12016,"date":"2025-10-22T02:54:46","date_gmt":"2025-10-22T02:54:46","guid":{"rendered":"https:\/\/hivecancun.com\/?page_id=12016"},"modified":"2025-10-22T02:58:08","modified_gmt":"2025-10-22T02:58:08","slug":"politica-de-cancelacion","status":"publish","type":"page","link":"https:\/\/hivecancun.com\/en\/politica-de-cancelacion\/","title":{"rendered":"Cancellation policy"},"content":{"rendered":"<style>.elementor-12016 .elementor-element.elementor-element-2781f56c{--display:flex;--min-height:389px;--flex-direction:row;--container-widget-width:calc( ( 1 - var( --container-widget-flex-grow ) ) * 100% );--container-widget-height:100%;--container-widget-flex-grow:1;--container-widget-align-self:stretch;--flex-wrap-mobile:wrap;--align-items:stretch;--gap:10px 10px;--row-gap:10px;--column-gap:10px;--overlay-opacity:0.3;--padding-top:150px;--padding-bottom:150px;--padding-left:0px;--padding-right:0px;}.elementor-12016 .elementor-element.elementor-element-2781f56c:not(.elementor-motion-effects-element-type-background), .elementor-12016 .elementor-element.elementor-element-2781f56c > .elementor-motion-effects-container > .elementor-motion-effects-layer{background-image:url(\"https:\/\/hivecancun.com\/wp-content\/uploads\/2025\/09\/K1A1702_11zon-scaled-1.webp\");background-position:center center;background-repeat:no-repeat;background-size:cover;}.elementor-12016 .elementor-element.elementor-element-2781f56c::before, .elementor-12016 .elementor-element.elementor-element-2781f56c > .elementor-background-video-container::before, .elementor-12016 .elementor-element.elementor-element-2781f56c > .e-con-inner > .elementor-background-video-container::before, .elementor-12016 .elementor-element.elementor-element-2781f56c > .elementor-background-slideshow::before, .elementor-12016 .elementor-element.elementor-element-2781f56c > .e-con-inner > .elementor-background-slideshow::before, .elementor-12016 .elementor-element.elementor-element-2781f56c > .elementor-motion-effects-container > .elementor-motion-effects-layer::before{--background-overlay:'';background-color:#000000;}.elementor-12016 .elementor-element.elementor-element-ec9a0da{--display:flex;--margin-top:3px;--margin-bottom:27px;--margin-left:3px;--margin-right:-1px;--padding-top:0%;--padding-bottom:0%;--padding-left:0%;--padding-right:0%;}.elementor-12016 .elementor-element.elementor-element-f033565 .elementor-heading-title{font-family:\"Raleway\", Sans-serif;font-size:50px;font-weight:700;color:#C68B13;}.elementor-12016 .elementor-element.elementor-element-f033565 > .elementor-widget-container{margin:0px 0px 0px 0px;}.elementor-12016 .elementor-element.elementor-element-55ca6b5d{--display:flex;--flex-direction:row;--container-widget-width:calc( ( 1 - var( --container-widget-flex-grow ) ) * 100% );--container-widget-height:100%;--container-widget-flex-grow:1;--container-widget-align-self:stretch;--flex-wrap-mobile:wrap;--align-items:stretch;--gap:0px 0px;--row-gap:0px;--column-gap:0px;--padding-top:80px;--padding-bottom:100px;--padding-left:0px;--padding-right:0px;}.elementor-12016 .elementor-element.elementor-element-55ca6b5d:not(.elementor-motion-effects-element-type-background), .elementor-12016 .elementor-element.elementor-element-55ca6b5d > .elementor-motion-effects-container > .elementor-motion-effects-layer{background-color:#FFFFFF;}.elementor-12016 .elementor-element.elementor-element-a4ba7e8{text-align:justify;}.elementor-12016 .elementor-element.elementor-element-a4ba7e8 .elementor-heading-title{font-family:\"Montserrat\", Sans-serif;font-size:18px;font-weight:500;color:#000000;}body.elementor-page-12016:not(.elementor-motion-effects-element-type-background), body.elementor-page-12016 > .elementor-motion-effects-container > .elementor-motion-effects-layer{background-color:transparent;background-image:linear-gradient(180deg, #EEEEEE 0%, #E7E7E7 100%);}@media(max-width:1024px){.elementor-12016 .elementor-element.elementor-element-2781f56c{--padding-top:80px;--padding-bottom:80px;--padding-left:20px;--padding-right:20px;}.elementor-12016 .elementor-element.elementor-element-55ca6b5d{--padding-top:80px;--padding-bottom:80px;--padding-left:20px;--padding-right:20px;}}@media(max-width:767px){.elementor-12016 .elementor-element.elementor-element-2781f56c{--padding-top:40px;--padding-bottom:40px;--padding-left:20px;--padding-right:20px;}.elementor-12016 .elementor-element.elementor-element-f033565 > .elementor-widget-container{margin:020% 0% 0% 0%;}.elementor-12016 .elementor-element.elementor-element-55ca6b5d{--padding-top:40px;--padding-bottom:40px;--padding-left:20px;--padding-right:20px;}}<\/style>\t\t<div data-elementor-type=\"wp-page\" data-elementor-id=\"12016\" class=\"elementor elementor-12016\" data-elementor-post-type=\"page\">\n\t\t\t\t<div class=\"elementor-element elementor-element-2781f56c e-flex e-con-boxed elementor-invisible e-con e-parent\" data-id=\"2781f56c\" data-element_type=\"container\" data-e-type=\"container\" data-settings=\"{&quot;background_background&quot;:&quot;classic&quot;,&quot;animation&quot;:&quot;fadeIn&quot;,&quot;_ha_eqh_enable&quot;:false}\">\n\t\t\t\t\t<div class=\"e-con-inner\">\n\t\t<div class=\"elementor-element elementor-element-ec9a0da e-con-full e-flex e-con e-child\" data-id=\"ec9a0da\" data-element_type=\"container\" data-e-type=\"container\" data-settings=\"{&quot;background_background&quot;:&quot;classic&quot;,&quot;_ha_eqh_enable&quot;:false}\">\n\t\t\t\t<div class=\"elementor-element elementor-element-f033565 elementor-invisible elementor-widget elementor-widget-heading\" data-id=\"f033565\" data-element_type=\"widget\" data-e-type=\"widget\" data-settings=\"{&quot;_animation&quot;:&quot;fadeInUp&quot;}\" data-widget_type=\"heading.default\">\n\t\t\t\t<div class=\"elementor-widget-container\">\n\t\t\t\t\t<h1 class=\"elementor-heading-title elementor-size-default\">Cancellation policy<\/h1>\t\t\t\t<\/div>\n\t\t\t\t<\/div>\n\t\t\t\t<\/div>\n\t\t\t\t\t<\/div>\n\t\t\t\t<\/div>\n\t\t<div class=\"elementor-element elementor-element-55ca6b5d e-flex e-con-boxed e-con e-parent\" data-id=\"55ca6b5d\" data-element_type=\"container\" data-e-type=\"container\" data-settings=\"{&quot;background_background&quot;:&quot;classic&quot;,&quot;_ha_eqh_enable&quot;:false}\">\n\t\t\t\t\t<div class=\"e-con-inner\">\n\t\t\t\t<div class=\"elementor-element elementor-element-a4ba7e8 elementor-widget elementor-widget-heading\" data-id=\"a4ba7e8\" data-element_type=\"widget\" data-e-type=\"widget\" data-widget_type=\"heading.default\">\n\t\t\t\t<div class=\"elementor-widget-container\">\n\t\t\t\t\t<h2 class=\"elementor-heading-title elementor-size-default\">To receive a full refund, including taxes, guests must cancel within 48 hours of booking, and the cancellation must be made at least 14 days prior to arrival.<br><br>\nIf they cancel 14 days or more before arrival, but not within 48 hours of booking, they will receive a 50% refund, including full taxes, and you will receive payment for 50% of all nights.<br><br>\nIf they cancel between 7 and 14 days before arrival, they will receive a 50% refund, including full taxes, and you will receive payment for 50% of all nights.<br>\nIf you do so after that deadline, you will receive a refund of the prorated taxes, and full payment will be received for all nights.<\/h2>\t\t\t\t<\/div>\n\t\t\t\t<\/div>\n\t\t\t\t\t<\/div>\n\t\t\t\t<\/div>\n\t\t\t\t<\/div>","protected":false},"excerpt":{"rendered":"<p>Pol\u00edtica de cancelaci\u00f3n Pol\u00edtica de cancelaci\u00f3n: Para recibir un reembolso completo, incluidos los impuestos, los hu\u00e9spedes deben cancelar dentro de las 48 horas despu\u00e9s de reservar, y la cancelaci\u00f3n debe realizarse al menos 14 d\u00edas antes de la llegada. Si cancelan cuando falten 14 d\u00edas o m\u00e1s para la llegada, pero no en las 48 [&hellip;]<\/p>","protected":false},"author":2,"featured_media":0,"parent":0,"menu_order":0,"comment_status":"closed","ping_status":"closed","template":"","meta":{"site-sidebar-layout":"no-sidebar","site-content-layout":"page-builder","ast-site-content-layout":"full-width-container","site-content-style":"default","site-sidebar-style":"default","ast-global-header-display":"","ast-banner-title-visibility":"","ast-main-header-display":"","ast-hfb-above-header-display":"","ast-hfb-below-header-display":"","ast-hfb-mobile-header-display":"","site-post-title":"disabled","ast-breadcrumbs-content":"","ast-featured-img":"disabled","footer-sml-layout":"","theme-transparent-header-meta":"","adv-header-id-meta":"","stick-header-meta":"","header-above-stick-meta":"","header-main-stick-meta":"","header-below-stick-meta":"","astra-migrate-meta-layouts":"set","ast-page-background-enabled":"default","ast-page-background-meta":{"desktop":{"background-color":"var(--ast-global-color-4)","background-image":"","background-repeat":"repeat","background-position":"center center","background-size":"auto","background-attachment":"scroll","background-type":"","background-media":"","overlay-type":"","overlay-color":"","overlay-opacity":"","overlay-gradient":""},"tablet":{"background-color":"","background-image":"","background-repeat":"repeat","background-position":"center center","background-size":"auto","background-attachment":"scroll","background-type":"","background-media":"","overlay-type":"","overlay-color":"","overlay-opacity":"","overlay-gradient":""},"mobile":{"background-color":"","background-image":"","background-repeat":"repeat","background-position":"center center","background-size":"auto","background-attachment":"scroll","background-type":"","background-media":"","overlay-type":"","overlay-color":"","overlay-opacity":"","overlay-gradient":""}},"ast-content-background-meta":{"desktop":{"background-color":"var(--ast-global-color-5)","background-image":"","background-repeat":"repeat","background-position":"center center","background-size":"auto","background-attachment":"scroll","background-type":"","background-media":"","overlay-type":"","overlay-color":"","overlay-opacity":"","overlay-gradient":""},"tablet":{"background-color":"var(--ast-global-color-5)","background-image":"","background-repeat":"repeat","background-position":"center center","background-size":"auto","background-attachment":"scroll","background-type":"","background-media":"","overlay-type":"","overlay-color":"","overlay-opacity":"","overlay-gradient":""},"mobile":{"background-color":"var(--ast-global-color-5)","background-image":"","background-repeat":"repeat","background-position":"center center","background-size":"auto","background-attachment":"scroll","background-type":"","background-media":"","overlay-type":"","overlay-color":"","overlay-opacity":"","overlay-gradient":""}},"footnotes":""},"class_list":["post-12016","page","type-page","status-publish","hentry"],"_links":{"self":[{"href":"https:\/\/hivecancun.com\/en\/wp-json\/wp\/v2\/pages\/12016"}],"collection":[{"href":"https:\/\/hivecancun.com\/en\/wp-json\/wp\/v2\/pages"}],"about":[{"href":"https:\/\/hivecancun.com\/en\/wp-json\/wp\/v2\/types\/page"}],"author":[{"embeddable":true,"href":"https:\/\/hivecancun.com\/en\/wp-json\/wp\/v2\/users\/2"}],"replies":[{"embeddable":true,"href":"https:\/\/hivecancun.com\/en\/wp-json\/wp\/v2\/comments?post=12016"}],"version-history":[{"count":5,"href":"https:\/\/hivecancun.com\/en\/wp-json\/wp\/v2\/pages\/12016\/revisions"}],"predecessor-version":[{"id":12030,"href":"https:\/\/hivecancun.com\/en\/wp-json\/wp\/v2\/pages\/12016\/revisions\/12030"}],"wp:attachment":[{"href":"https:\/\/hivecancun.com\/en\/wp-json\/wp\/v2\/media?parent=12016"}],"curies":[{"name":"wp","href":"https:\/\/api.w.org\/{rel}","templated":true}]}}