{"id":13366,"date":"2026-02-17T00:11:10","date_gmt":"2026-02-17T00:11:10","guid":{"rendered":"https:\/\/hivecancun.com\/?page_id=13366"},"modified":"2026-02-17T00:33:47","modified_gmt":"2026-02-17T00:33:47","slug":"elementor-13366","status":"publish","type":"page","link":"https:\/\/hivecancun.com\/en\/elementor-13366\/","title":{"rendered":"Billing"},"content":{"rendered":"<style>.elementor-13366 .elementor-element.elementor-element-28770c66{--display:flex;--min-height:284px;--flex-direction:column;--container-widget-width:100%;--container-widget-height:initial;--container-widget-flex-grow:0;--container-widget-align-self:initial;--flex-wrap-mobile:wrap;}.elementor-13366 .elementor-element.elementor-element-595fd673{--display:flex;--flex-direction:row;--container-widget-width:initial;--container-widget-height:100%;--container-widget-flex-grow:1;--container-widget-align-self:stretch;--flex-wrap-mobile:wrap;--gap:0px 0px;--row-gap:0px;--column-gap:0px;--padding-top:40px;--padding-bottom:40px;--padding-left:40px;--padding-right:40px;}.elementor-13366 .elementor-element.elementor-element-5f70936c{--display:flex;--flex-direction:column;--container-widget-width:100%;--container-widget-height:initial;--container-widget-flex-grow:0;--container-widget-align-self:initial;--flex-wrap-mobile:wrap;}.elementor-13366 .elementor-element.elementor-element-3f91296b{--display:flex;--flex-direction:column;--container-widget-width:100%;--container-widget-height:initial;--container-widget-flex-grow:0;--container-widget-align-self:initial;--flex-wrap-mobile:wrap;}.elementor-13366 .elementor-element.elementor-element-3bb2dadc .elementor-button{fill:#FFFFFF;color:#FFFFFF;background-color:#C68B13;transition-duration:1.6s;}.elementor-13366 .elementor-element.elementor-element-3bb2dadc .elementor-button:hover, .elementor-13366 .elementor-element.elementor-element-3bb2dadc .elementor-button:focus{background-color:transparent;background-image:linear-gradient(180deg, #000000 0%, #07041F 100%);}.elementor-13366 .elementor-element.elementor-element-41e847aa{--display:flex;--flex-direction:column;--container-widget-width:100%;--container-widget-height:initial;--container-widget-flex-grow:0;--container-widget-align-self:initial;--flex-wrap-mobile:wrap;}.elementor-13366 .elementor-element.elementor-element-41e847aa:not(.elementor-motion-effects-element-type-background), .elementor-13366 .elementor-element.elementor-element-41e847aa > .elementor-motion-effects-container > .elementor-motion-effects-layer{background-color:#000000;}@media(min-width:768px){.elementor-13366 .elementor-element.elementor-element-5f70936c{--width:50%;}.elementor-13366 .elementor-element.elementor-element-3f91296b{--width:50%;}}<\/style>\t\t<div data-elementor-type=\"wp-page\" data-elementor-id=\"13366\" class=\"elementor elementor-13366\" data-elementor-post-type=\"page\">\n\t\t\t\t<div class=\"elementor-element elementor-element-28770c66 e-flex e-con-boxed e-con e-parent\" data-id=\"28770c66\" data-element_type=\"container\" data-e-type=\"container\" data-settings=\"{&quot;background_background&quot;:&quot;slideshow&quot;,&quot;background_slideshow_gallery&quot;:[{&quot;id&quot;:12872,&quot;url&quot;:&quot;https:\\\/\\\/hivecancun.com\\\/wp-content\\\/uploads\\\/2025\\\/12\\\/Copia-de-_DSC2078-scaled.jpg&quot;},{&quot;id&quot;:12265,&quot;url&quot;:&quot;https:\\\/\\\/hivecancun.com\\\/wp-content\\\/uploads\\\/2025\\\/11\\\/Foto-hive-cancun-5.jpeg&quot;},{&quot;id&quot;:10818,&quot;url&quot;:&quot;https:\\\/\\\/hivecancun.com\\\/wp-content\\\/uploads\\\/2025\\\/09\\\/chef-garnishing-meat-dish-PTKQ986basa.jpg&quot;}],&quot;background_slideshow_loop&quot;:&quot;yes&quot;,&quot;background_slideshow_slide_duration&quot;:5000,&quot;background_slideshow_slide_transition&quot;:&quot;fade&quot;,&quot;background_slideshow_transition_duration&quot;:500,&quot;_ha_eqh_enable&quot;:false}\">\n\t\t\t\t\t<div class=\"e-con-inner\">\n\t\t\t\t\t<\/div>\n\t\t\t\t<\/div>\n\t\t<div class=\"elementor-element elementor-element-595fd673 e-flex e-con-boxed e-con e-parent\" data-id=\"595fd673\" data-element_type=\"container\" data-e-type=\"container\" data-settings=\"{&quot;_ha_eqh_enable&quot;:false}\">\n\t\t\t\t\t<div class=\"e-con-inner\">\n\t\t<div class=\"elementor-element elementor-element-5f70936c e-con-full e-flex e-con e-child\" data-id=\"5f70936c\" data-element_type=\"container\" data-e-type=\"container\" data-settings=\"{&quot;_ha_eqh_enable&quot;:false}\">\n\t\t\t\t<div class=\"elementor-element elementor-element-3586fc69 animated-slow elementor-invisible elementor-widget elementor-widget-image\" data-id=\"3586fc69\" data-element_type=\"widget\" data-e-type=\"widget\" data-settings=\"{&quot;_animation&quot;:&quot;fadeInLeft&quot;}\" data-widget_type=\"image.default\">\n\t\t\t\t<div class=\"elementor-widget-container\">\n\t\t\t\t\t\t\t\t\t\t\t\t\t\t\t<img fetchpriority=\"high\" decoding=\"async\" width=\"768\" height=\"768\" src=\"https:\/\/hivecancun.com\/wp-content\/uploads\/2026\/02\/qr-code-Facturacion-cancun-1024x1024.png\" class=\"attachment-large size-large wp-image-13381\" alt=\"\" srcset=\"https:\/\/hivecancun.com\/wp-content\/uploads\/2026\/02\/qr-code-Facturacion-cancun-1024x1024.png 1024w, https:\/\/hivecancun.com\/wp-content\/uploads\/2026\/02\/qr-code-Facturacion-cancun-300x300.png 300w, https:\/\/hivecancun.com\/wp-content\/uploads\/2026\/02\/qr-code-Facturacion-cancun-150x150.png 150w, https:\/\/hivecancun.com\/wp-content\/uploads\/2026\/02\/qr-code-Facturacion-cancun-768x768.png 768w, https:\/\/hivecancun.com\/wp-content\/uploads\/2026\/02\/qr-code-Facturacion-cancun-12x12.png 12w, https:\/\/hivecancun.com\/wp-content\/uploads\/2026\/02\/qr-code-Facturacion-cancun-650x650.png 650w, https:\/\/hivecancun.com\/wp-content\/uploads\/2026\/02\/qr-code-Facturacion-cancun.png 1083w\" sizes=\"(max-width: 768px) 100vw, 768px\" \/>\t\t\t\t\t\t\t\t\t\t\t\t\t\t\t<\/div>\n\t\t\t\t<\/div>\n\t\t\t\t<\/div>\n\t\t<div class=\"elementor-element elementor-element-3f91296b e-con-full animated-slow e-flex elementor-invisible e-con e-child\" data-id=\"3f91296b\" data-element_type=\"container\" data-e-type=\"container\" data-settings=\"{&quot;animation&quot;:&quot;fadeInRight&quot;,&quot;_ha_eqh_enable&quot;:false}\">\n\t\t\t\t<div class=\"elementor-element elementor-element-330d32b3 elementor-widget elementor-widget-image\" data-id=\"330d32b3\" data-element_type=\"widget\" data-e-type=\"widget\" data-widget_type=\"image.default\">\n\t\t\t\t<div class=\"elementor-widget-container\">\n\t\t\t\t\t\t\t\t\t\t\t\t\t\t\t<img decoding=\"async\" width=\"150\" height=\"150\" src=\"https:\/\/hivecancun.com\/wp-content\/uploads\/2026\/02\/G-hotels-logo-300x300-1-150x150.png\" class=\"attachment-thumbnail size-thumbnail wp-image-13371\" alt=\"\" srcset=\"https:\/\/hivecancun.com\/wp-content\/uploads\/2026\/02\/G-hotels-logo-300x300-1-150x150.png 150w, https:\/\/hivecancun.com\/wp-content\/uploads\/2026\/02\/G-hotels-logo-300x300-1-300x300.png 300w, https:\/\/hivecancun.com\/wp-content\/uploads\/2026\/02\/G-hotels-logo-300x300-1-1024x1024.png 1024w, https:\/\/hivecancun.com\/wp-content\/uploads\/2026\/02\/G-hotels-logo-300x300-1-768x768.png 768w, https:\/\/hivecancun.com\/wp-content\/uploads\/2026\/02\/G-hotels-logo-300x300-1-12x12.png 12w, https:\/\/hivecancun.com\/wp-content\/uploads\/2026\/02\/G-hotels-logo-300x300-1-650x650.png 650w, https:\/\/hivecancun.com\/wp-content\/uploads\/2026\/02\/G-hotels-logo-300x300-1.png 1200w\" sizes=\"(max-width: 150px) 100vw, 150px\" \/>\t\t\t\t\t\t\t\t\t\t\t\t\t\t\t<\/div>\n\t\t\t\t<\/div>\n\t\t\t\t<div class=\"elementor-element elementor-element-130368ef elementor-widget elementor-widget-text-editor\" data-id=\"130368ef\" data-element_type=\"widget\" data-e-type=\"widget\" data-widget_type=\"text-editor.default\">\n\t\t\t\t<div class=\"elementor-widget-container\">\n\t\t\t\t\t\t\t\t\t<p><b>Tramita tu factura con nuestro portal de auto-facturaci\u00f3n, es f\u00e1cil y r\u00e1pido.<\/b><\/p><p>1. Ingresa el n\u00famero de folio de tu reservaci\u00f3n.<\/p><p>2-Agrega el correo con el que te registraste.<\/p><p>3. Posteriormente llena tus datos fiscales, cuida que todo este bien escrito y sin errores.<\/p>\t\t\t\t\t\t\t\t<\/div>\n\t\t\t\t<\/div>\n\t\t\t\t<div class=\"elementor-element elementor-element-3bb2dadc elementor-align-center animated-slow elementor-invisible elementor-widget elementor-widget-button\" data-id=\"3bb2dadc\" data-element_type=\"widget\" data-e-type=\"widget\" data-settings=\"{&quot;_animation&quot;:&quot;fadeInUp&quot;}\" data-widget_type=\"button.default\">\n\t\t\t\t<div class=\"elementor-widget-container\">\n\t\t\t\t\t\t\t\t\t<div class=\"elementor-button-wrapper\">\n\t\t\t\t\t<a class=\"elementor-button elementor-button-link elementor-size-sm elementor-animation-pulse\" href=\"https:\/\/hotel-req10.arpon.com\/Billing\/Billing?HotelId=6b999e55edd5431ab6eabeafc58a620c\" target=\"_blank\" rel=\"noopener\">\n\t\t\t\t\t\t<span class=\"elementor-button-content-wrapper\">\n\t\t\t\t\t\t\t\t\t<span class=\"elementor-button-text\">Ve al portal de facturaci\u00f3n <\/span>\n\t\t\t\t\t<\/span>\n\t\t\t\t\t<\/a>\n\t\t\t\t<\/div>\n\t\t\t\t\t\t\t\t<\/div>\n\t\t\t\t<\/div>\n\t\t\t\t<\/div>\n\t\t\t\t\t<\/div>\n\t\t\t\t<\/div>\n\t\t<div class=\"elementor-element elementor-element-41e847aa e-flex e-con-boxed e-con e-parent\" data-id=\"41e847aa\" data-element_type=\"container\" data-e-type=\"container\" data-settings=\"{&quot;background_background&quot;:&quot;classic&quot;,&quot;_ha_eqh_enable&quot;:false}\">\n\t\t\t\t\t<div class=\"e-con-inner\">\n\t\t\t\t<div class=\"elementor-element elementor-element-7346819b elementor-widget elementor-widget-image\" data-id=\"7346819b\" data-element_type=\"widget\" data-e-type=\"widget\" data-widget_type=\"image.default\">\n\t\t\t\t<div class=\"elementor-widget-container\">\n\t\t\t\t\t\t\t\t\t\t\t\t\t\t\t<img decoding=\"async\" width=\"768\" height=\"90\" src=\"https:\/\/hivecancun.com\/wp-content\/uploads\/2026\/02\/GHotels_Banner_GraciasPorTuReserva.gif\" class=\"attachment-large size-large wp-image-13372\" alt=\"\" \/>\t\t\t\t\t\t\t\t\t\t\t\t\t\t\t<\/div>\n\t\t\t\t<\/div>\n\t\t\t\t\t<\/div>\n\t\t\t\t<\/div>\n\t\t\t\t<\/div>","protected":false},"excerpt":{"rendered":"<p>Tramita tu factura con nuestro portal de auto-facturaci\u00f3n, es f\u00e1cil y r\u00e1pido. 1. Ingresa el n\u00famero de folio de tu reservaci\u00f3n. 2-Agrega el correo con el que te registraste. 3. Posteriormente llena tus datos fiscales, cuida que todo este bien escrito y sin errores. Ve al portal de facturaci\u00f3n<\/p>","protected":false},"author":1,"featured_media":13381,"parent":0,"menu_order":0,"comment_status":"closed","ping_status":"closed","template":"","meta":{"site-sidebar-layout":"no-sidebar","site-content-layout":"page-builder","ast-site-content-layout":"full-width-container","site-content-style":"default","site-sidebar-style":"default","ast-global-header-display":"","ast-banner-title-visibility":"","ast-main-header-display":"","ast-hfb-above-header-display":"","ast-hfb-below-header-display":"","ast-hfb-mobile-header-display":"","site-post-title":"disabled","ast-breadcrumbs-content":"","ast-featured-img":"disabled","footer-sml-layout":"","theme-transparent-header-meta":"","adv-header-id-meta":"","stick-header-meta":"","header-above-stick-meta":"","header-main-stick-meta":"","header-below-stick-meta":"","astra-migrate-meta-layouts":"set","ast-page-background-enabled":"default","ast-page-background-meta":{"desktop":{"background-color":"var(--ast-global-color-4)","background-image":"","background-repeat":"repeat","background-position":"center center","background-size":"auto","background-attachment":"scroll","background-type":"","background-media":"","overlay-type":"","overlay-color":"","overlay-opacity":"","overlay-gradient":""},"tablet":{"background-color":"","background-image":"","background-repeat":"repeat","background-position":"center center","background-size":"auto","background-attachment":"scroll","background-type":"","background-media":"","overlay-type":"","overlay-color":"","overlay-opacity":"","overlay-gradient":""},"mobile":{"background-color":"","background-image":"","background-repeat":"repeat","background-position":"center center","background-size":"auto","background-attachment":"scroll","background-type":"","background-media":"","overlay-type":"","overlay-color":"","overlay-opacity":"","overlay-gradient":""}},"ast-content-background-meta":{"desktop":{"background-color":"var(--ast-global-color-5)","background-image":"","background-repeat":"repeat","background-position":"center center","background-size":"auto","background-attachment":"scroll","background-type":"","background-media":"","overlay-type":"","overlay-color":"","overlay-opacity":"","overlay-gradient":""},"tablet":{"background-color":"var(--ast-global-color-5)","background-image":"","background-repeat":"repeat","background-position":"center center","background-size":"auto","background-attachment":"scroll","background-type":"","background-media":"","overlay-type":"","overlay-color":"","overlay-opacity":"","overlay-gradient":""},"mobile":{"background-color":"var(--ast-global-color-5)","background-image":"","background-repeat":"repeat","background-position":"center center","background-size":"auto","background-attachment":"scroll","background-type":"","background-media":"","overlay-type":"","overlay-color":"","overlay-opacity":"","overlay-gradient":""}},"footnotes":""},"class_list":["post-13366","page","type-page","status-publish","has-post-thumbnail","hentry"],"_links":{"self":[{"href":"https:\/\/hivecancun.com\/en\/wp-json\/wp\/v2\/pages\/13366"}],"collection":[{"href":"https:\/\/hivecancun.com\/en\/wp-json\/wp\/v2\/pages"}],"about":[{"href":"https:\/\/hivecancun.com\/en\/wp-json\/wp\/v2\/types\/page"}],"author":[{"embeddable":true,"href":"https:\/\/hivecancun.com\/en\/wp-json\/wp\/v2\/users\/1"}],"replies":[{"embeddable":true,"href":"https:\/\/hivecancun.com\/en\/wp-json\/wp\/v2\/comments?post=13366"}],"version-history":[{"count":13,"href":"https:\/\/hivecancun.com\/en\/wp-json\/wp\/v2\/pages\/13366\/revisions"}],"predecessor-version":[{"id":13387,"href":"https:\/\/hivecancun.com\/en\/wp-json\/wp\/v2\/pages\/13366\/revisions\/13387"}],"wp:featuredmedia":[{"embeddable":true,"href":"https:\/\/hivecancun.com\/en\/wp-json\/wp\/v2\/media\/13381"}],"wp:attachment":[{"href":"https:\/\/hivecancun.com\/en\/wp-json\/wp\/v2\/media?parent=13366"}],"curies":[{"name":"wp","href":"https:\/\/api.w.org\/{rel}","templated":true}]}}