{"id":13532,"date":"2026-03-04T15:42:20","date_gmt":"2026-03-04T15:42:20","guid":{"rendered":"https:\/\/hivecancun.com\/?page_id=13532"},"modified":"2026-03-04T15:55:33","modified_gmt":"2026-03-04T15:55:33","slug":"billing","status":"publish","type":"page","link":"https:\/\/hivecancun.com\/en\/billing\/","title":{"rendered":"Billing"},"content":{"rendered":"<style>.elementor-13532 .elementor-element.elementor-element-2482ab12{--display:flex;--min-height:284px;--flex-direction:column;--container-widget-width:100%;--container-widget-height:initial;--container-widget-flex-grow:0;--container-widget-align-self:initial;--flex-wrap-mobile:wrap;}.elementor-13532 .elementor-element.elementor-element-2482ab12 .elementor-background-slideshow__slide__image{background-size:cover;}.elementor-13532 .elementor-element.elementor-element-5fed152{--display:flex;--flex-direction:row;--container-widget-width:initial;--container-widget-height:100%;--container-widget-flex-grow:1;--container-widget-align-self:stretch;--flex-wrap-mobile:wrap;--gap:0px 0px;--row-gap:0px;--column-gap:0px;--padding-top:40px;--padding-bottom:40px;--padding-left:40px;--padding-right:40px;}.elementor-13532 .elementor-element.elementor-element-5fed152:not(.elementor-motion-effects-element-type-background), .elementor-13532 .elementor-element.elementor-element-5fed152 > .elementor-motion-effects-container > .elementor-motion-effects-layer{background-color:#FFFFFF;}.elementor-13532 .elementor-element.elementor-element-3f6359ba{--display:flex;--flex-direction:column;--container-widget-width:100%;--container-widget-height:initial;--container-widget-flex-grow:0;--container-widget-align-self:initial;--flex-wrap-mobile:wrap;}.elementor-13532 .elementor-element.elementor-element-1c39e290{--display:flex;--flex-direction:column;--container-widget-width:100%;--container-widget-height:initial;--container-widget-flex-grow:0;--container-widget-align-self:initial;--flex-wrap-mobile:wrap;}.elementor-13532 .elementor-element.elementor-element-c069d24 img{width:30%;}.elementor-13532 .elementor-element.elementor-element-507b157d{font-family:\"Montserrat\", Sans-serif;}.elementor-13532 .elementor-element.elementor-element-57add098 .elementor-button{-webkit-box-pack:center;-ms-flex-pack:center;justify-content:center;-webkit-box-align:center;-ms-flex-align:center;align-items:center;display:inline-flex;font-family:\"Montserrat\", Sans-serif;font-size:21px;font-weight:800;text-decoration:none;fill:#FFFFFF;color:#FFFFFF;background-color:#C68B13;transition-duration:1.6s;border-radius:8px 8px 8px 8px;}.elementor-13532 .elementor-element.elementor-element-57add098 .elementor-button:hover, .elementor-13532 .elementor-element.elementor-element-57add098 .elementor-button:focus{color:#FFFFFF;background-color:transparent;background-image:linear-gradient(180deg, #C68B13 0%, #AA7710 100%);}.elementor-13532 .elementor-element.elementor-element-57add098 .elementor-button:hover svg, .elementor-13532 .elementor-element.elementor-element-57add098 .elementor-button:focus svg{fill:#FFFFFF;}.elementor-13532 .elementor-element.elementor-element-57add098.ha-has-bg-overlay:hover > .elementor-widget-container::before{transition:background 0.3s;}.elementor-13532 .elementor-element.elementor-element-4740ebf0{--display:flex;--flex-direction:column;--container-widget-width:100%;--container-widget-height:initial;--container-widget-flex-grow:0;--container-widget-align-self:initial;--flex-wrap-mobile:wrap;}.elementor-13532 .elementor-element.elementor-element-4740ebf0:not(.elementor-motion-effects-element-type-background), .elementor-13532 .elementor-element.elementor-element-4740ebf0 > .elementor-motion-effects-container > .elementor-motion-effects-layer{background-color:#000000;}:root{--page-title-display:none;}@media(min-width:768px){.elementor-13532 .elementor-element.elementor-element-3f6359ba{--width:50%;}.elementor-13532 .elementor-element.elementor-element-1c39e290{--width:50%;}}<\/style>\t\t<div data-elementor-type=\"wp-page\" data-elementor-id=\"13532\" class=\"elementor elementor-13532\" data-elementor-post-type=\"page\">\n\t\t\t\t<div class=\"elementor-element elementor-element-2482ab12 e-flex e-con-boxed e-con e-parent\" data-id=\"2482ab12\" data-element_type=\"container\" data-e-type=\"container\" data-settings=\"{&quot;background_background&quot;:&quot;slideshow&quot;,&quot;background_slideshow_gallery&quot;:[{&quot;id&quot;:13071,&quot;url&quot;:&quot;https:\\\/\\\/hivecancun.com\\\/wp-content\\\/uploads\\\/2025\\\/12\\\/hgfdgdf.jpg&quot;}],&quot;background_slideshow_loop&quot;:&quot;yes&quot;,&quot;background_slideshow_slide_duration&quot;:5000,&quot;background_slideshow_slide_transition&quot;:&quot;fade&quot;,&quot;background_slideshow_transition_duration&quot;:500,&quot;_ha_eqh_enable&quot;:false}\">\n\t\t\t\t\t<div class=\"e-con-inner\">\n\t\t\t\t\t<\/div>\n\t\t\t\t<\/div>\n\t\t<div class=\"elementor-element elementor-element-5fed152 e-flex e-con-boxed e-con e-parent\" data-id=\"5fed152\" data-element_type=\"container\" data-e-type=\"container\" data-settings=\"{&quot;background_background&quot;:&quot;classic&quot;,&quot;_ha_eqh_enable&quot;:false}\">\n\t\t\t\t\t<div class=\"e-con-inner\">\n\t\t<div class=\"elementor-element elementor-element-3f6359ba e-con-full e-flex e-con e-child\" data-id=\"3f6359ba\" data-element_type=\"container\" data-e-type=\"container\" data-settings=\"{&quot;_ha_eqh_enable&quot;:false}\">\n\t\t\t\t<div class=\"elementor-element elementor-element-4277017d animated-slow elementor-invisible elementor-widget elementor-widget-image\" data-id=\"4277017d\" data-element_type=\"widget\" data-e-type=\"widget\" data-settings=\"{&quot;_animation&quot;:&quot;fadeInLeft&quot;}\" data-widget_type=\"image.default\">\n\t\t\t\t<div class=\"elementor-widget-container\">\n\t\t\t\t\t\t\t\t\t\t\t\t\t\t\t<img fetchpriority=\"high\" decoding=\"async\" width=\"768\" height=\"768\" src=\"https:\/\/hivecancun.com\/wp-content\/uploads\/2026\/03\/qr-code-4-1024x1024.png\" class=\"attachment-large size-large wp-image-13550\" alt=\"\" srcset=\"https:\/\/hivecancun.com\/wp-content\/uploads\/2026\/03\/qr-code-4-1024x1024.png 1024w, https:\/\/hivecancun.com\/wp-content\/uploads\/2026\/03\/qr-code-4-300x300.png 300w, https:\/\/hivecancun.com\/wp-content\/uploads\/2026\/03\/qr-code-4-150x150.png 150w, https:\/\/hivecancun.com\/wp-content\/uploads\/2026\/03\/qr-code-4-768x768.png 768w, https:\/\/hivecancun.com\/wp-content\/uploads\/2026\/03\/qr-code-4-12x12.png 12w, https:\/\/hivecancun.com\/wp-content\/uploads\/2026\/03\/qr-code-4-650x650.png 650w, https:\/\/hivecancun.com\/wp-content\/uploads\/2026\/03\/qr-code-4.png 1083w\" sizes=\"(max-width: 768px) 100vw, 768px\" \/>\t\t\t\t\t\t\t\t\t\t\t\t\t\t\t<\/div>\n\t\t\t\t<\/div>\n\t\t\t\t<\/div>\n\t\t<div class=\"elementor-element elementor-element-1c39e290 e-con-full animated-slow e-flex elementor-invisible e-con e-child\" data-id=\"1c39e290\" data-element_type=\"container\" data-e-type=\"container\" data-settings=\"{&quot;animation&quot;:&quot;fadeInRight&quot;,&quot;_ha_eqh_enable&quot;:false}\">\n\t\t\t\t<div class=\"elementor-element elementor-element-c069d24 elementor-widget elementor-widget-image\" data-id=\"c069d24\" data-element_type=\"widget\" data-e-type=\"widget\" data-widget_type=\"image.default\">\n\t\t\t\t<div class=\"elementor-widget-container\">\n\t\t\t\t\t\t\t\t\t\t\t\t\t\t\t<img decoding=\"async\" width=\"1200\" height=\"1200\" src=\"https:\/\/hivecancun.com\/wp-content\/uploads\/2026\/03\/G-hotels-logo-300x300-1.png\" class=\"attachment-full size-full wp-image-13538\" alt=\"\" srcset=\"https:\/\/hivecancun.com\/wp-content\/uploads\/2026\/03\/G-hotels-logo-300x300-1.png 1200w, https:\/\/hivecancun.com\/wp-content\/uploads\/2026\/03\/G-hotels-logo-300x300-1-300x300.png 300w, https:\/\/hivecancun.com\/wp-content\/uploads\/2026\/03\/G-hotels-logo-300x300-1-1024x1024.png 1024w, https:\/\/hivecancun.com\/wp-content\/uploads\/2026\/03\/G-hotels-logo-300x300-1-150x150.png 150w, https:\/\/hivecancun.com\/wp-content\/uploads\/2026\/03\/G-hotels-logo-300x300-1-768x768.png 768w, https:\/\/hivecancun.com\/wp-content\/uploads\/2026\/03\/G-hotels-logo-300x300-1-12x12.png 12w, https:\/\/hivecancun.com\/wp-content\/uploads\/2026\/03\/G-hotels-logo-300x300-1-650x650.png 650w\" sizes=\"(max-width: 1200px) 100vw, 1200px\" \/>\t\t\t\t\t\t\t\t\t\t\t\t\t\t\t<\/div>\n\t\t\t\t<\/div>\n\t\t\t\t<div class=\"elementor-element elementor-element-507b157d elementor-widget elementor-widget-text-editor\" data-id=\"507b157d\" data-element_type=\"widget\" data-e-type=\"widget\" data-widget_type=\"text-editor.default\">\n\t\t\t\t<div class=\"elementor-widget-container\">\n\t\t\t\t\t\t\t\t\t<p><span style=\"color: #000000;\"><b>Tramita tu factura con nuestro portal de auto-facturaci\u00f3n, es f\u00e1cil y r\u00e1pido.<\/b><\/span><\/p><p><span style=\"color: #000000;\">1. Ingresa el n\u00famero de folio de tu reservaci\u00f3n.<\/span><\/p><p><span style=\"color: #000000;\">2-Agrega el correo con el que te registraste.<\/span><\/p><p><span style=\"color: #000000;\">3. Posteriormente llena tus datos fiscales, cuida que todo este bien escrito y sin errores.<\/span><\/p>\t\t\t\t\t\t\t\t<\/div>\n\t\t\t\t<\/div>\n\t\t\t\t<div class=\"elementor-element elementor-element-57add098 elementor-align-center animated-slow ha-has-bg-overlay elementor-invisible elementor-widget elementor-widget-button\" data-id=\"57add098\" data-element_type=\"widget\" data-e-type=\"widget\" data-settings=\"{&quot;_animation&quot;:&quot;fadeInUp&quot;}\" data-widget_type=\"button.default\">\n\t\t\t\t<div class=\"elementor-widget-container\">\n\t\t\t\t\t\t\t\t\t<div class=\"elementor-button-wrapper\">\n\t\t\t\t\t<a class=\"elementor-button elementor-button-link elementor-size-sm elementor-animation-pulse\" href=\"https:\/\/hotel-req14.arpon.com\/Billing\/Billing?HotelId=6b999e55edd5431ab6eabeafc58a620c\" target=\"_blank\" rel=\"noopener\">\n\t\t\t\t\t\t<span class=\"elementor-button-content-wrapper\">\n\t\t\t\t\t\t\t\t\t<span class=\"elementor-button-text\">Ve al portal de facturaci\u00f3n <\/span>\n\t\t\t\t\t<\/span>\n\t\t\t\t\t<\/a>\n\t\t\t\t<\/div>\n\t\t\t\t\t\t\t\t<\/div>\n\t\t\t\t<\/div>\n\t\t\t\t<\/div>\n\t\t\t\t\t<\/div>\n\t\t\t\t<\/div>\n\t\t<div class=\"elementor-element elementor-element-4740ebf0 e-flex e-con-boxed e-con e-parent\" data-id=\"4740ebf0\" data-element_type=\"container\" data-e-type=\"container\" data-settings=\"{&quot;background_background&quot;:&quot;classic&quot;,&quot;_ha_eqh_enable&quot;:false}\">\n\t\t\t\t\t<div class=\"e-con-inner\">\n\t\t\t\t<div class=\"elementor-element elementor-element-554b81f2 elementor-widget elementor-widget-image\" data-id=\"554b81f2\" data-element_type=\"widget\" data-e-type=\"widget\" data-widget_type=\"image.default\">\n\t\t\t\t<div class=\"elementor-widget-container\">\n\t\t\t\t\t\t\t\t\t\t\t\t\t\t\t<img decoding=\"async\" width=\"768\" height=\"90\" src=\"https:\/\/hivecancun.com\/wp-content\/uploads\/2026\/03\/GHotels_Banner_GraciasPorTuReserva.gif\" class=\"attachment-large size-large wp-image-13539\" alt=\"\" \/>\t\t\t\t\t\t\t\t\t\t\t\t\t\t\t<\/div>\n\t\t\t\t<\/div>\n\t\t\t\t\t<\/div>\n\t\t\t\t<\/div>\n\t\t\t\t<\/div>","protected":false},"excerpt":{"rendered":"<p>Tramita tu factura con nuestro portal de auto-facturaci\u00f3n, es f\u00e1cil y r\u00e1pido. 1. Ingresa el n\u00famero de folio de tu reservaci\u00f3n. 2-Agrega el correo con el que te registraste. 3. Posteriormente llena tus datos fiscales, cuida que todo este bien escrito y sin errores. Ve al portal de facturaci\u00f3n<\/p>","protected":false},"author":2,"featured_media":0,"parent":0,"menu_order":0,"comment_status":"closed","ping_status":"closed","template":"","meta":{"site-sidebar-layout":"no-sidebar","site-content-layout":"page-builder","ast-site-content-layout":"full-width-container","site-content-style":"default","site-sidebar-style":"default","ast-global-header-display":"","ast-banner-title-visibility":"","ast-main-header-display":"","ast-hfb-above-header-display":"","ast-hfb-below-header-display":"","ast-hfb-mobile-header-display":"","site-post-title":"disabled","ast-breadcrumbs-content":"","ast-featured-img":"disabled","footer-sml-layout":"","theme-transparent-header-meta":"","adv-header-id-meta":"","stick-header-meta":"","header-above-stick-meta":"","header-main-stick-meta":"","header-below-stick-meta":"","astra-migrate-meta-layouts":"set","ast-page-background-enabled":"default","ast-page-background-meta":{"desktop":{"background-color":"var(--ast-global-color-4)","background-image":"","background-repeat":"repeat","background-position":"center center","background-size":"auto","background-attachment":"scroll","background-type":"","background-media":"","overlay-type":"","overlay-color":"","overlay-opacity":"","overlay-gradient":""},"tablet":{"background-color":"","background-image":"","background-repeat":"repeat","background-position":"center center","background-size":"auto","background-attachment":"scroll","background-type":"","background-media":"","overlay-type":"","overlay-color":"","overlay-opacity":"","overlay-gradient":""},"mobile":{"background-color":"","background-image":"","background-repeat":"repeat","background-position":"center center","background-size":"auto","background-attachment":"scroll","background-type":"","background-media":"","overlay-type":"","overlay-color":"","overlay-opacity":"","overlay-gradient":""}},"ast-content-background-meta":{"desktop":{"background-color":"var(--ast-global-color-5)","background-image":"","background-repeat":"repeat","background-position":"center center","background-size":"auto","background-attachment":"scroll","background-type":"","background-media":"","overlay-type":"","overlay-color":"","overlay-opacity":"","overlay-gradient":""},"tablet":{"background-color":"var(--ast-global-color-5)","background-image":"","background-repeat":"repeat","background-position":"center center","background-size":"auto","background-attachment":"scroll","background-type":"","background-media":"","overlay-type":"","overlay-color":"","overlay-opacity":"","overlay-gradient":""},"mobile":{"background-color":"var(--ast-global-color-5)","background-image":"","background-repeat":"repeat","background-position":"center center","background-size":"auto","background-attachment":"scroll","background-type":"","background-media":"","overlay-type":"","overlay-color":"","overlay-opacity":"","overlay-gradient":""}},"footnotes":""},"class_list":["post-13532","page","type-page","status-publish","hentry"],"_links":{"self":[{"href":"https:\/\/hivecancun.com\/en\/wp-json\/wp\/v2\/pages\/13532"}],"collection":[{"href":"https:\/\/hivecancun.com\/en\/wp-json\/wp\/v2\/pages"}],"about":[{"href":"https:\/\/hivecancun.com\/en\/wp-json\/wp\/v2\/types\/page"}],"author":[{"embeddable":true,"href":"https:\/\/hivecancun.com\/en\/wp-json\/wp\/v2\/users\/2"}],"replies":[{"embeddable":true,"href":"https:\/\/hivecancun.com\/en\/wp-json\/wp\/v2\/comments?post=13532"}],"version-history":[{"count":11,"href":"https:\/\/hivecancun.com\/en\/wp-json\/wp\/v2\/pages\/13532\/revisions"}],"predecessor-version":[{"id":13554,"href":"https:\/\/hivecancun.com\/en\/wp-json\/wp\/v2\/pages\/13532\/revisions\/13554"}],"wp:attachment":[{"href":"https:\/\/hivecancun.com\/en\/wp-json\/wp\/v2\/media?parent=13532"}],"curies":[{"name":"wp","href":"https:\/\/api.w.org\/{rel}","templated":true}]}}