{"id":13565,"date":"2026-03-10T16:53:55","date_gmt":"2026-03-10T16:53:55","guid":{"rendered":"https:\/\/hivecancun.com\/?page_id=13565"},"modified":"2026-03-10T17:49:56","modified_gmt":"2026-03-10T17:49:56","slug":"elementor-13565","status":"publish","type":"page","link":"https:\/\/hivecancun.com\/en\/elementor-13565\/","title":{"rendered":"g-card-2026"},"content":{"rendered":"<style>.elementor-13565 .elementor-element.elementor-element-5e3f147{--display:flex;--min-height:542px;--flex-direction:column;--container-widget-width:100%;--container-widget-height:initial;--container-widget-flex-grow:0;--container-widget-align-self:initial;--flex-wrap-mobile:wrap;}.elementor-13565 .elementor-element.elementor-element-5e3f147:not(.elementor-motion-effects-element-type-background), .elementor-13565 .elementor-element.elementor-element-5e3f147 > .elementor-motion-effects-container > .elementor-motion-effects-layer{background-image:url(\"https:\/\/hivecancun.com\/wp-content\/uploads\/2026\/03\/7b7061d6-b48b-46d2-a8df-41b6e0e1950a.jpg\");background-position:center center;}.elementor-13565 .elementor-element.elementor-element-29fd4e1{--display:flex;--flex-direction:column;--container-widget-width:100%;--container-widget-height:initial;--container-widget-flex-grow:0;--container-widget-align-self:initial;--flex-wrap-mobile:wrap;}.elementor-13565 .elementor-element.elementor-element-df16308{text-align:center;}.elementor-13565 .elementor-element.elementor-element-df16308 .elementor-heading-title{font-weight:300;}.elementor-13565 .elementor-element.elementor-element-65c3a9a{--display:flex;--flex-direction:column;--container-widget-width:calc( ( 1 - var( --container-widget-flex-grow ) ) * 100% );--container-widget-height:initial;--container-widget-flex-grow:0;--container-widget-align-self:initial;--flex-wrap-mobile:wrap;--justify-content:space-between;--align-items:center;--gap:0px 0px;--row-gap:0px;--column-gap:0px;}.elementor-13565 .elementor-element.elementor-element-061658c{font-size:33px;line-height:33px;}.elementor-13565 .elementor-element.elementor-element-061658c > .elementor-widget-container{margin:50px 50px 50px 50px;}.elementor-13565 .elementor-element.elementor-element-061658c.elementor-element{--align-self:center;}.elementor-13565 .elementor-element.elementor-element-283af8d{--display:flex;--flex-direction:row-reverse;--container-widget-width:initial;--container-widget-height:100%;--container-widget-flex-grow:1;--container-widget-align-self:stretch;--flex-wrap-mobile:wrap-reverse;--gap:0px 0px;--row-gap:0px;--column-gap:0px;}.elementor-13565 .elementor-element.elementor-element-7c3964a{--display:flex;--flex-direction:column;--container-widget-width:100%;--container-widget-height:initial;--container-widget-flex-grow:0;--container-widget-align-self:initial;--flex-wrap-mobile:wrap;}.elementor-13565 .elementor-element.elementor-element-4b4c401{--display:flex;--flex-direction:column;--container-widget-width:100%;--container-widget-height:initial;--container-widget-flex-grow:0;--container-widget-align-self:initial;--flex-wrap-mobile:wrap;}.elementor-13565 .elementor-element.elementor-element-2b6640d{font-size:25px;}.elementor-13565 .elementor-element.elementor-element-2c39376{--display:flex;--flex-direction:column;--container-widget-width:100%;--container-widget-height:initial;--container-widget-flex-grow:0;--container-widget-align-self:initial;--flex-wrap-mobile:wrap;}.elementor-13565 .elementor-element.elementor-element-7f69b9b{--image-transition-duration:800ms;--overlay-transition-duration:800ms;--content-text-align:center;--content-padding:20px;--content-transition-duration:800ms;--content-transition-delay:800ms;}.elementor-13565 .elementor-element.elementor-element-7f69b9b .e-gallery-item:hover .elementor-gallery-item__overlay, .elementor-13565 .elementor-element.elementor-element-7f69b9b .e-gallery-item:focus .elementor-gallery-item__overlay{background-color:rgba(0,0,0,0.5);}.elementor-13565 .elementor-element.elementor-element-850be2e{--display:flex;--flex-direction:column;--container-widget-width:100%;--container-widget-height:initial;--container-widget-flex-grow:0;--container-widget-align-self:initial;--flex-wrap-mobile:wrap;}.elementor-13565 .elementor-element.elementor-element-5840e0c{--display:flex;--flex-direction:column;--container-widget-width:100%;--container-widget-height:initial;--container-widget-flex-grow:0;--container-widget-align-self:initial;--flex-wrap-mobile:wrap;}:root{--page-title-display:none;}@media(min-width:768px){.elementor-13565 .elementor-element.elementor-element-7c3964a{--width:33.3333%;}.elementor-13565 .elementor-element.elementor-element-4b4c401{--width:66.6666%;}}<\/style>\t\t<div data-elementor-type=\"wp-page\" data-elementor-id=\"13565\" class=\"elementor elementor-13565\" data-elementor-post-type=\"page\">\n\t\t\t\t<div class=\"elementor-element elementor-element-5e3f147 e-flex e-con-boxed e-con e-parent\" data-id=\"5e3f147\" data-element_type=\"container\" data-e-type=\"container\" data-settings=\"{&quot;background_background&quot;:&quot;classic&quot;,&quot;_ha_eqh_enable&quot;:false}\">\n\t\t\t\t\t<div class=\"e-con-inner\">\n\t\t\t\t\t<\/div>\n\t\t\t\t<\/div>\n\t\t<div class=\"elementor-element elementor-element-29fd4e1 e-flex e-con-boxed e-con e-parent\" data-id=\"29fd4e1\" data-element_type=\"container\" data-e-type=\"container\" data-settings=\"{&quot;_ha_eqh_enable&quot;:false}\">\n\t\t\t\t\t<div class=\"e-con-inner\">\n\t\t\t\t<div class=\"elementor-element elementor-element-df16308 elementor-widget elementor-widget-heading\" data-id=\"df16308\" data-element_type=\"widget\" data-e-type=\"widget\" data-widget_type=\"heading.default\">\n\t\t\t\t<div class=\"elementor-widget-container\">\n\t\t\t\t\t<h2 class=\"elementor-heading-title elementor-size-default\">Obt\u00e9n un descuento en <b>HIVE CANCUN<\/b><\/h2>\t\t\t\t<\/div>\n\t\t\t\t<\/div>\n\t\t\t\t\t<\/div>\n\t\t\t\t<\/div>\n\t\t<div class=\"elementor-element elementor-element-65c3a9a e-flex e-con-boxed e-con e-parent\" data-id=\"65c3a9a\" data-element_type=\"container\" data-e-type=\"container\" data-settings=\"{&quot;_ha_eqh_enable&quot;:false}\">\n\t\t\t\t\t<div class=\"e-con-inner\">\n\t\t\t\t<div class=\"elementor-element elementor-element-061658c elementor-widget elementor-widget-text-editor\" data-id=\"061658c\" data-element_type=\"widget\" data-e-type=\"widget\" data-widget_type=\"text-editor.default\">\n\t\t\t\t<div class=\"elementor-widget-container\">\n\t\t\t\t\t\t\t\t\t<p style=\"text-align: center;\"><strong>PROMO:<\/strong><\/p><p style=\"text-align: center;\">Contrata 3 Noches en HIVE CANC\u00daN y obt\u00e9n un descuento en consumo de restaurante y terraza bar.<\/p>\t\t\t\t\t\t\t\t<\/div>\n\t\t\t\t<\/div>\n\t\t\t\t\t<\/div>\n\t\t\t\t<\/div>\n\t\t<div class=\"elementor-element elementor-element-283af8d e-flex e-con-boxed e-con e-parent\" data-id=\"283af8d\" data-element_type=\"container\" data-e-type=\"container\" data-settings=\"{&quot;_ha_eqh_enable&quot;:false}\">\n\t\t\t\t\t<div class=\"e-con-inner\">\n\t\t<div class=\"elementor-element elementor-element-7c3964a e-con-full e-flex e-con e-child\" data-id=\"7c3964a\" data-element_type=\"container\" data-e-type=\"container\" data-settings=\"{&quot;_ha_eqh_enable&quot;:false}\">\n\t\t\t\t<div class=\"elementor-element elementor-element-4ba21c2 elementor-widget elementor-widget-image\" data-id=\"4ba21c2\" data-element_type=\"widget\" data-e-type=\"widget\" data-widget_type=\"image.default\">\n\t\t\t\t<div class=\"elementor-widget-container\">\n\t\t\t\t\t\t\t\t\t\t\t\t\t\t\t<img fetchpriority=\"high\" decoding=\"async\" width=\"768\" height=\"521\" src=\"https:\/\/hivecancun.com\/wp-content\/uploads\/2026\/03\/80bf9dde-31b6-45d1-be65-847910e93188-1024x694.jpg\" class=\"attachment-large size-large wp-image-13567\" alt=\"\" srcset=\"https:\/\/hivecancun.com\/wp-content\/uploads\/2026\/03\/80bf9dde-31b6-45d1-be65-847910e93188-1024x694.jpg 1024w, https:\/\/hivecancun.com\/wp-content\/uploads\/2026\/03\/80bf9dde-31b6-45d1-be65-847910e93188-300x203.jpg 300w, https:\/\/hivecancun.com\/wp-content\/uploads\/2026\/03\/80bf9dde-31b6-45d1-be65-847910e93188-768x520.jpg 768w, https:\/\/hivecancun.com\/wp-content\/uploads\/2026\/03\/80bf9dde-31b6-45d1-be65-847910e93188-18x12.jpg 18w, https:\/\/hivecancun.com\/wp-content\/uploads\/2026\/03\/80bf9dde-31b6-45d1-be65-847910e93188.jpg 1252w\" sizes=\"(max-width: 768px) 100vw, 768px\" \/>\t\t\t\t\t\t\t\t\t\t\t\t\t\t\t<\/div>\n\t\t\t\t<\/div>\n\t\t\t\t<\/div>\n\t\t<div class=\"elementor-element elementor-element-4b4c401 e-con-full e-flex e-con e-child\" data-id=\"4b4c401\" data-element_type=\"container\" data-e-type=\"container\" data-settings=\"{&quot;_ha_eqh_enable&quot;:false}\">\n\t\t\t\t<div class=\"elementor-element elementor-element-2b6640d elementor-widget elementor-widget-text-editor\" data-id=\"2b6640d\" data-element_type=\"widget\" data-e-type=\"widget\" data-widget_type=\"text-editor.default\">\n\t\t\t\t<div class=\"elementor-widget-container\">\n\t\t\t\t\t\t\t\t\t<p>Reserva 3 Noches en <strong>HIVE CANCUN<\/strong> ya sea por internet o presencial y al hacer check-in menciona esta promoci\u00f3n con tu folio de reserva y c\u00f3digo promocional que te llego al mail.\u00a0<\/p><p>En recepci\u00f3n te entregar\u00e1n una tarjeta de descuento <strong>&#8220;GIFT CARD&#8221;<\/strong> ; canj\u00e9ala durante tu estancia en el consumo que elijas de nuestro men\u00fa.\u00a0<\/p>\t\t\t\t\t\t\t\t<\/div>\n\t\t\t\t<\/div>\n\t\t\t\t<\/div>\n\t\t\t\t\t<\/div>\n\t\t\t\t<\/div>\n\t\t<div class=\"elementor-element elementor-element-2c39376 e-flex e-con-boxed e-con e-parent\" data-id=\"2c39376\" data-element_type=\"container\" data-e-type=\"container\" data-settings=\"{&quot;_ha_eqh_enable&quot;:false}\">\n\t\t\t\t\t<div class=\"e-con-inner\">\n\t\t\t\t<div class=\"elementor-element elementor-element-7f69b9b elementor-widget elementor-widget-gallery\" data-id=\"7f69b9b\" data-element_type=\"widget\" data-e-type=\"widget\" data-settings=\"{&quot;columns&quot;:3,&quot;gap&quot;:{&quot;unit&quot;:&quot;px&quot;,&quot;size&quot;:16,&quot;sizes&quot;:[]},&quot;lazyload&quot;:&quot;yes&quot;,&quot;gallery_layout&quot;:&quot;grid&quot;,&quot;columns_tablet&quot;:2,&quot;columns_mobile&quot;:1,&quot;gap_tablet&quot;:{&quot;unit&quot;:&quot;px&quot;,&quot;size&quot;:10,&quot;sizes&quot;:[]},&quot;gap_mobile&quot;:{&quot;unit&quot;:&quot;px&quot;,&quot;size&quot;:10,&quot;sizes&quot;:[]},&quot;link_to&quot;:&quot;file&quot;,&quot;aspect_ratio&quot;:&quot;3:2&quot;,&quot;overlay_background&quot;:&quot;yes&quot;,&quot;content_hover_animation&quot;:&quot;fade-in&quot;}\" data-widget_type=\"gallery.default\">\n\t\t\t\t<div class=\"elementor-widget-container\">\n\t\t\t\t\t\t\t<div class=\"elementor-gallery__container\">\n\t\t\t\t\t\t\t<a class=\"e-gallery-item elementor-gallery-item elementor-animated-content\" href=\"https:\/\/hivecancun.com\/wp-content\/uploads\/2025\/11\/Foto-hive-cancun-5.jpeg\" data-elementor-open-lightbox=\"yes\" data-elementor-lightbox-slideshow=\"7f69b9b\" data-e-action-hash=\"#elementor-action%3Aaction%3Dlightbox%26settings%3DeyJpZCI6MTIyNjUsInVybCI6Imh0dHBzOlwvXC9oaXZlY2FuY3VuLmNvbVwvd3AtY29udGVudFwvdXBsb2Fkc1wvMjAyNVwvMTFcL0ZvdG8taGl2ZS1jYW5jdW4tNS5qcGVnIiwic2xpZGVzaG93IjoiN2Y2OWI5YiJ9\">\n\t\t\t\t\t<div class=\"e-gallery-image elementor-gallery-item__image\" data-thumbnail=\"https:\/\/hivecancun.com\/wp-content\/uploads\/2025\/11\/Foto-hive-cancun-5-300x146.jpeg\" data-width=\"300\" data-height=\"146\" aria-label=\"\" role=\"img\" ><\/div>\n\t\t\t\t\t\t\t\t\t\t\t<div class=\"elementor-gallery-item__overlay\"><\/div>\n\t\t\t\t\t\t\t\t\t\t\t\t\t\t<\/a>\n\t\t\t\t\t\t\t<a class=\"e-gallery-item elementor-gallery-item elementor-animated-content\" href=\"https:\/\/hivecancun.com\/wp-content\/uploads\/2025\/12\/27.jpg\" data-elementor-open-lightbox=\"yes\" data-elementor-lightbox-slideshow=\"7f69b9b\" data-e-action-hash=\"#elementor-action%3Aaction%3Dlightbox%26settings%3DeyJpZCI6MTIzNjcsInVybCI6Imh0dHBzOlwvXC9oaXZlY2FuY3VuLmNvbVwvd3AtY29udGVudFwvdXBsb2Fkc1wvMjAyNVwvMTJcLzI3LmpwZyIsInNsaWRlc2hvdyI6IjdmNjliOWIifQ%3D%3D\">\n\t\t\t\t\t<div class=\"e-gallery-image elementor-gallery-item__image\" data-thumbnail=\"https:\/\/hivecancun.com\/wp-content\/uploads\/2025\/12\/27-300x200.jpg\" data-width=\"300\" data-height=\"200\" aria-label=\"\" role=\"img\" ><\/div>\n\t\t\t\t\t\t\t\t\t\t\t<div class=\"elementor-gallery-item__overlay\"><\/div>\n\t\t\t\t\t\t\t\t\t\t\t\t\t\t<\/a>\n\t\t\t\t\t\t\t<a class=\"e-gallery-item elementor-gallery-item elementor-animated-content\" href=\"https:\/\/hivecancun.com\/wp-content\/uploads\/2025\/10\/19s.jpg\" data-elementor-open-lightbox=\"yes\" data-elementor-lightbox-slideshow=\"7f69b9b\" data-e-action-hash=\"#elementor-action%3Aaction%3Dlightbox%26settings%3DeyJpZCI6MTE0NDMsInVybCI6Imh0dHBzOlwvXC9oaXZlY2FuY3VuLmNvbVwvd3AtY29udGVudFwvdXBsb2Fkc1wvMjAyNVwvMTBcLzE5cy5qcGciLCJzbGlkZXNob3ciOiI3ZjY5YjliIn0%3D\">\n\t\t\t\t\t<div class=\"e-gallery-image elementor-gallery-item__image\" data-thumbnail=\"https:\/\/hivecancun.com\/wp-content\/uploads\/2025\/10\/19s-300x165.jpg\" data-width=\"300\" data-height=\"165\" aria-label=\"\" role=\"img\" ><\/div>\n\t\t\t\t\t\t\t\t\t\t\t<div class=\"elementor-gallery-item__overlay\"><\/div>\n\t\t\t\t\t\t\t\t\t\t\t\t\t\t<\/a>\n\t\t\t\t\t\t\t<a class=\"e-gallery-item elementor-gallery-item elementor-animated-content\" href=\"https:\/\/hivecancun.com\/wp-content\/uploads\/2025\/10\/DOUBLE-BED-1.jpg\" data-elementor-open-lightbox=\"yes\" data-elementor-lightbox-slideshow=\"7f69b9b\" data-e-action-hash=\"#elementor-action%3Aaction%3Dlightbox%26settings%3DeyJpZCI6MTA5NTAsInVybCI6Imh0dHBzOlwvXC9oaXZlY2FuY3VuLmNvbVwvd3AtY29udGVudFwvdXBsb2Fkc1wvMjAyNVwvMTBcL0RPVUJMRS1CRUQtMS5qcGciLCJzbGlkZXNob3ciOiI3ZjY5YjliIn0%3D\">\n\t\t\t\t\t<div class=\"e-gallery-image elementor-gallery-item__image\" data-thumbnail=\"https:\/\/hivecancun.com\/wp-content\/uploads\/2025\/10\/DOUBLE-BED-1-300x200.jpg\" data-width=\"300\" data-height=\"200\" aria-label=\"\" role=\"img\" ><\/div>\n\t\t\t\t\t\t\t\t\t\t\t<div class=\"elementor-gallery-item__overlay\"><\/div>\n\t\t\t\t\t\t\t\t\t\t\t\t\t\t<\/a>\n\t\t\t\t\t\t\t<a class=\"e-gallery-item elementor-gallery-item elementor-animated-content\" href=\"https:\/\/hivecancun.com\/wp-content\/uploads\/2025\/10\/ad.jpg\" data-elementor-open-lightbox=\"yes\" data-elementor-lightbox-slideshow=\"7f69b9b\" data-e-action-hash=\"#elementor-action%3Aaction%3Dlightbox%26settings%3DeyJpZCI6MTA5NjUsInVybCI6Imh0dHBzOlwvXC9oaXZlY2FuY3VuLmNvbVwvd3AtY29udGVudFwvdXBsb2Fkc1wvMjAyNVwvMTBcL2FkLmpwZyIsInNsaWRlc2hvdyI6IjdmNjliOWIifQ%3D%3D\">\n\t\t\t\t\t<div class=\"e-gallery-image elementor-gallery-item__image\" data-thumbnail=\"https:\/\/hivecancun.com\/wp-content\/uploads\/2025\/10\/ad-300x200.jpg\" data-width=\"300\" data-height=\"200\" aria-label=\"\" role=\"img\" ><\/div>\n\t\t\t\t\t\t\t\t\t\t\t<div class=\"elementor-gallery-item__overlay\"><\/div>\n\t\t\t\t\t\t\t\t\t\t\t\t\t\t<\/a>\n\t\t\t\t\t\t\t<a class=\"e-gallery-item elementor-gallery-item elementor-animated-content\" href=\"https:\/\/hivecancun.com\/wp-content\/uploads\/2025\/09\/DSC2030_11zon-scaled-e1739485897622-1.webp\" data-elementor-open-lightbox=\"yes\" data-elementor-lightbox-slideshow=\"7f69b9b\" data-e-action-hash=\"#elementor-action%3Aaction%3Dlightbox%26settings%3DeyJpZCI6MTA0MzQsInVybCI6Imh0dHBzOlwvXC9oaXZlY2FuY3VuLmNvbVwvd3AtY29udGVudFwvdXBsb2Fkc1wvMjAyNVwvMDlcL0RTQzIwMzBfMTF6b24tc2NhbGVkLWUxNzM5NDg1ODk3NjIyLTEud2VicCIsInNsaWRlc2hvdyI6IjdmNjliOWIifQ%3D%3D\">\n\t\t\t\t\t<div class=\"e-gallery-image elementor-gallery-item__image\" data-thumbnail=\"https:\/\/hivecancun.com\/wp-content\/uploads\/2025\/09\/DSC2030_11zon-scaled-e1739485897622-1-300x200.webp\" data-width=\"300\" data-height=\"200\" aria-label=\"\" role=\"img\" ><\/div>\n\t\t\t\t\t\t\t\t\t\t\t<div class=\"elementor-gallery-item__overlay\"><\/div>\n\t\t\t\t\t\t\t\t\t\t\t\t\t\t<\/a>\n\t\t\t\t\t<\/div>\n\t\t\t\t\t<\/div>\n\t\t\t\t<\/div>\n\t\t\t\t\t<\/div>\n\t\t\t\t<\/div>\n\t\t<div class=\"elementor-element elementor-element-850be2e e-flex e-con-boxed e-con e-parent\" data-id=\"850be2e\" data-element_type=\"container\" data-e-type=\"container\" data-settings=\"{&quot;_ha_eqh_enable&quot;:false}\">\n\t\t\t\t\t<div class=\"e-con-inner\">\n\t\t\t\t<div class=\"elementor-element elementor-element-4827d64 elementor-widget elementor-widget-text-editor\" data-id=\"4827d64\" data-element_type=\"widget\" data-e-type=\"widget\" data-widget_type=\"text-editor.default\">\n\t\t\t\t<div class=\"elementor-widget-container\">\n\t\t\t\t\t\t\t\t\t<p>Vigencia: 18 de Mayo 2026<br \/><em>Autor: Alejandro G\u00f3mez Polo<\/em><\/p>\t\t\t\t\t\t\t\t<\/div>\n\t\t\t\t<\/div>\n\t\t\t\t\t<\/div>\n\t\t\t\t<\/div>\n\t\t<div class=\"elementor-element elementor-element-5840e0c e-flex e-con-boxed e-con e-parent\" data-id=\"5840e0c\" data-element_type=\"container\" data-e-type=\"container\" data-settings=\"{&quot;_ha_eqh_enable&quot;:false}\">\n\t\t\t\t\t<div class=\"e-con-inner\">\n\t\t\t\t<div class=\"elementor-element elementor-element-1733877 elementor-widget elementor-widget-google_maps\" data-id=\"1733877\" data-element_type=\"widget\" data-e-type=\"widget\" data-widget_type=\"google_maps.default\">\n\t\t\t\t<div class=\"elementor-widget-container\">\n\t\t\t\t\t\t\t<div class=\"elementor-custom-embed\">\n\t\t\t<iframe loading=\"lazy\"\n\t\t\t\t\tsrc=\"https:\/\/maps.google.com\/maps?q=HIVE%20CANCUN&#038;t=m&#038;z=10&#038;output=embed&#038;iwloc=near\"\n\t\t\t\t\ttitle=\"HIVE CANCUN\"\n\t\t\t\t\taria-label=\"HIVE CANCUN\"\n\t\t\t><\/iframe>\n\t\t<\/div>\n\t\t\t\t\t\t<\/div>\n\t\t\t\t<\/div>\n\t\t\t\t\t<\/div>\n\t\t\t\t<\/div>\n\t\t\t\t<\/div>","protected":false},"excerpt":{"rendered":"<p>Obt\u00e9n un descuento en HIVE CANC\u00daN PROMO: Contrata 3 Noches en HIVE CANC\u00daN y obt\u00e9n un descuento en consumo de restaurante y terraza bar. Reserva 3 Noches en HIVE CANC\u00daN ya sea por internet o presencial y al hacer check-in menciona esta promoci\u00f3n con tu folio de reserva y c\u00f3digo promocional que te llego al [&hellip;]<\/p>","protected":false},"author":1,"featured_media":10958,"parent":0,"menu_order":0,"comment_status":"closed","ping_status":"closed","template":"","meta":{"site-sidebar-layout":"no-sidebar","site-content-layout":"page-builder","ast-site-content-layout":"full-width-container","site-content-style":"default","site-sidebar-style":"default","ast-global-header-display":"","ast-banner-title-visibility":"","ast-main-header-display":"","ast-hfb-above-header-display":"","ast-hfb-below-header-display":"","ast-hfb-mobile-header-display":"","site-post-title":"disabled","ast-breadcrumbs-content":"","ast-featured-img":"disabled","footer-sml-layout":"","ast-disable-related-posts":"","theme-transparent-header-meta":"","adv-header-id-meta":"","stick-header-meta":"","header-above-stick-meta":"","header-main-stick-meta":"","header-below-stick-meta":"","astra-migrate-meta-layouts":"set","ast-page-background-enabled":"default","ast-page-background-meta":{"desktop":{"background-color":"var(--ast-global-color-5)","background-image":"","background-repeat":"repeat","background-position":"center center","background-size":"auto","background-attachment":"scroll","background-type":"","background-media":"","overlay-type":"","overlay-color":"","overlay-opacity":"","overlay-gradient":""},"tablet":{"background-color":"","background-image":"","background-repeat":"repeat","background-position":"center center","background-size":"auto","background-attachment":"scroll","background-type":"","background-media":"","overlay-type":"","overlay-color":"","overlay-opacity":"","overlay-gradient":""},"mobile":{"background-color":"","background-image":"","background-repeat":"repeat","background-position":"center center","background-size":"auto","background-attachment":"scroll","background-type":"","background-media":"","overlay-type":"","overlay-color":"","overlay-opacity":"","overlay-gradient":""}},"ast-content-background-meta":{"desktop":{"background-color":"var(--ast-global-color-4)","background-image":"","background-repeat":"repeat","background-position":"center center","background-size":"auto","background-attachment":"scroll","background-type":"","background-media":"","overlay-type":"","overlay-color":"","overlay-opacity":"","overlay-gradient":""},"tablet":{"background-color":"var(--ast-global-color-4)","background-image":"","background-repeat":"repeat","background-position":"center center","background-size":"auto","background-attachment":"scroll","background-type":"","background-media":"","overlay-type":"","overlay-color":"","overlay-opacity":"","overlay-gradient":""},"mobile":{"background-color":"var(--ast-global-color-4)","background-image":"","background-repeat":"repeat","background-position":"center center","background-size":"auto","background-attachment":"scroll","background-type":"","background-media":"","overlay-type":"","overlay-color":"","overlay-opacity":"","overlay-gradient":""}},"footnotes":""},"class_list":["post-13565","page","type-page","status-publish","has-post-thumbnail","hentry"],"_links":{"self":[{"href":"https:\/\/hivecancun.com\/en\/wp-json\/wp\/v2\/pages\/13565"}],"collection":[{"href":"https:\/\/hivecancun.com\/en\/wp-json\/wp\/v2\/pages"}],"about":[{"href":"https:\/\/hivecancun.com\/en\/wp-json\/wp\/v2\/types\/page"}],"author":[{"embeddable":true,"href":"https:\/\/hivecancun.com\/en\/wp-json\/wp\/v2\/users\/1"}],"replies":[{"embeddable":true,"href":"https:\/\/hivecancun.com\/en\/wp-json\/wp\/v2\/comments?post=13565"}],"version-history":[{"count":13,"href":"https:\/\/hivecancun.com\/en\/wp-json\/wp\/v2\/pages\/13565\/revisions"}],"predecessor-version":[{"id":13582,"href":"https:\/\/hivecancun.com\/en\/wp-json\/wp\/v2\/pages\/13565\/revisions\/13582"}],"wp:featuredmedia":[{"embeddable":true,"href":"https:\/\/hivecancun.com\/en\/wp-json\/wp\/v2\/media\/10958"}],"wp:attachment":[{"href":"https:\/\/hivecancun.com\/en\/wp-json\/wp\/v2\/media?parent=13565"}],"curies":[{"name":"wp","href":"https:\/\/api.w.org\/{rel}","templated":true}]}}