{"id":5067,"date":"2024-12-02T18:30:28","date_gmt":"2024-12-02T18:30:28","guid":{"rendered":"https:\/\/hivecancun.com\/?page_id=5067"},"modified":"2025-07-29T21:50:14","modified_gmt":"2025-07-29T21:50:14","slug":"aviso-de-privacidad","status":"publish","type":"page","link":"https:\/\/hivecancun.com\/en\/aviso-de-privacidad\/","title":{"rendered":"Privacy Notice"},"content":{"rendered":"<style>.elementor-5067 .elementor-element.elementor-element-683683b{--display:flex;--min-height:0px;--flex-direction:column;--container-widget-width:100%;--container-widget-height:initial;--container-widget-flex-grow:0;--container-widget-align-self:initial;--flex-wrap-mobile:wrap;}.elementor-5067 .elementor-element.elementor-element-683683b:not(.elementor-motion-effects-element-type-background), .elementor-5067 .elementor-element.elementor-element-683683b > .elementor-motion-effects-container > .elementor-motion-effects-layer{background-image:url(\"https:\/\/hivecancun.com\/wp-content\/uploads\/2025\/03\/Foto-hive-cancun.jpeg\");background-position:center center;background-repeat:no-repeat;background-size:cover;}.elementor-5067 .elementor-element.elementor-element-cb0729a{--spacer-size:600px;}.elementor-5067 .elementor-element.elementor-element-7b15e6f{--display:flex;--flex-direction:column;--container-widget-width:100%;--container-widget-height:initial;--container-widget-flex-grow:0;--container-widget-align-self:initial;--flex-wrap-mobile:wrap;--margin-top:0px;--margin-bottom:0px;--margin-left:0px;--margin-right:0px;--padding-top:80px;--padding-bottom:0px;--padding-left:0px;--padding-right:0px;}.elementor-5067 .elementor-element.elementor-element-7b15e6f:not(.elementor-motion-effects-element-type-background), .elementor-5067 .elementor-element.elementor-element-7b15e6f > .elementor-motion-effects-container > .elementor-motion-effects-layer{background-color:#FCFCFC;}.elementor-5067 .elementor-element.elementor-element-1f47d0c{text-align:center;}.elementor-5067 .elementor-element.elementor-element-1f47d0c .elementor-heading-title{color:#484848;}.elementor-5067 .elementor-element.elementor-element-3d00c2c{--display:flex;--flex-direction:column;--container-widget-width:100%;--container-widget-height:initial;--container-widget-flex-grow:0;--container-widget-align-self:initial;--flex-wrap-mobile:wrap;}.elementor-5067 .elementor-element.elementor-element-3d00c2c:not(.elementor-motion-effects-element-type-background), .elementor-5067 .elementor-element.elementor-element-3d00c2c > .elementor-motion-effects-container > .elementor-motion-effects-layer{background-color:#FFFFFF;}.elementor-5067 .elementor-element.elementor-element-3d00c2c.e-con{--flex-grow:0;--flex-shrink:0;}.elementor-5067 .elementor-element.elementor-element-800957d > .elementor-widget-container{margin:0px 40px 90px 40px;}@media(min-width:768px){.elementor-5067 .elementor-element.elementor-element-683683b{--width:100%;}.elementor-5067 .elementor-element.elementor-element-3d00c2c{--width:104.967%;}}<\/style>\t\t<div data-elementor-type=\"wp-page\" data-elementor-id=\"5067\" class=\"elementor elementor-5067\" data-elementor-post-type=\"page\">\n\t\t\t\t<div class=\"elementor-element elementor-element-683683b e-con-full e-flex e-con e-parent\" data-id=\"683683b\" data-element_type=\"container\" data-e-type=\"container\" data-settings=\"{&quot;background_background&quot;:&quot;classic&quot;,&quot;background_motion_fx_motion_fx_mouse&quot;:&quot;yes&quot;,&quot;_ha_eqh_enable&quot;:false}\">\n\t\t\t\t<div class=\"elementor-element elementor-element-cb0729a elementor-widget elementor-widget-spacer\" data-id=\"cb0729a\" data-element_type=\"widget\" data-e-type=\"widget\" data-widget_type=\"spacer.default\">\n\t\t\t\t<div class=\"elementor-widget-container\">\n\t\t\t\t\t\t\t<div class=\"elementor-spacer\">\n\t\t\t<div class=\"elementor-spacer-inner\"><\/div>\n\t\t<\/div>\n\t\t\t\t\t\t<\/div>\n\t\t\t\t<\/div>\n\t\t\t\t<\/div>\n\t\t<div class=\"elementor-element elementor-element-7b15e6f e-flex e-con-boxed e-con e-parent\" data-id=\"7b15e6f\" data-element_type=\"container\" data-e-type=\"container\" data-settings=\"{&quot;background_background&quot;:&quot;classic&quot;,&quot;_ha_eqh_enable&quot;:false}\">\n\t\t\t\t\t<div class=\"e-con-inner\">\n\t\t\t\t<div class=\"elementor-element elementor-element-1f47d0c elementor-widget elementor-widget-heading\" data-id=\"1f47d0c\" data-element_type=\"widget\" data-e-type=\"widget\" data-widget_type=\"heading.default\">\n\t\t\t\t<div class=\"elementor-widget-container\">\n\t\t\t\t\t<h4 class=\"elementor-heading-title elementor-size-default\">PRIVACY NOTICE<\/h4>\t\t\t\t<\/div>\n\t\t\t\t<\/div>\n\t\t\t\t\t<\/div>\n\t\t\t\t<\/div>\n\t\t<div class=\"elementor-element elementor-element-3d00c2c e-con-full e-flex e-con e-parent\" data-id=\"3d00c2c\" data-element_type=\"container\" data-e-type=\"container\" data-settings=\"{&quot;background_background&quot;:&quot;classic&quot;,&quot;_ha_eqh_enable&quot;:false}\">\n\t\t\t\t<div class=\"elementor-element elementor-element-800957d elementor-widget elementor-widget-text-editor\" data-id=\"800957d\" data-element_type=\"widget\" data-e-type=\"widget\" data-widget_type=\"text-editor.default\">\n\t\t\t\t<div class=\"elementor-widget-container\">\n\t\t\t\t\t\t\t\t\t<div data-id=\"23e9ac86\" data-element_type=\"widget\" data-widget_type=\"heading.default\"><div>\u00a0<\/div><\/div><div data-id=\"702faf77\" data-element_type=\"widget\" data-widget_type=\"text-editor.default\"><div><div data-id=\"a58da19\" data-element_type=\"widget\" data-widget_type=\"text-editor.default\"><div><p><strong>Operadora G Hoteles\u00a0<\/strong>and its affiliates and\/or subsidiaries, headquartered at Paseo de Tamarindos No. 90, Arcos Bosques, Tower II, Floor 7, Suite 7B, Colonia Bosques de las Lomas,<br \/>Delegaci\u00f3n Cuajimalpa, C.P. 05129, Mexico City, is committed to protecting your privacy.<\/p><p>G Hotels uses the personal information you provide us in order to provide or deliver the services you have requested, or that are part of a program in which you have registered.<\/p><p><strong>These events include:<\/strong><\/p><p>1) making reservations, purchasing vacation packages, becoming a member of a vacation club, becoming a member of G Hotels loyalty programs, attending events or social gatherings, or purchasing products and\/or services related to travel and tourism.<\/p><p>2) offering you promotions, tourism and consumer products, special services, newsletters, surveys, sweepstakes, and online contests if you select the \u201cNotify me about special offers\u201d option in your reservation. For more information about our full Privacy Notice, you can visit the website\u00a0 <strong><span style=\"color: #000000;\"><a style=\"color: #000000;\" href=\"https:\/\/hivecancun.com\/en\/\">hivecancun.com<\/a><\/span><\/strong> or this page\u00a0<strong>Privacy Notice section.<\/strong><\/p><\/div><\/div><\/div><\/div>\t\t\t\t\t\t\t\t<\/div>\n\t\t\t\t<\/div>\n\t\t\t\t<\/div>\n\t\t\t\t<\/div>","protected":false},"excerpt":{"rendered":"<p>AVISO DE PRIVACIDAD \u00a0 Operadora G Hoteles\u00a0y sus filiales y\/o subsidiarias con sede en Paseo de Tamarindos n.\u00ba 90, Arcos Bosques, Torre II, Piso 7, Suite 7B, Colonia Bosques de las Lomas,Delegaci\u00f3n Cuajimalpa, C.P. 05129, Ciudad de M\u00e9xico, se compromete a proteger su privacidad. G Hotels utiliza la informaci\u00f3n personal que usted nos proporciona con [&hellip;]<\/p>","protected":false},"author":1,"featured_media":0,"parent":0,"menu_order":0,"comment_status":"closed","ping_status":"closed","template":"","meta":{"site-sidebar-layout":"no-sidebar","site-content-layout":"page-builder","ast-site-content-layout":"full-width-container","site-content-style":"default","site-sidebar-style":"default","ast-global-header-display":"","ast-banner-title-visibility":"","ast-main-header-display":"","ast-hfb-above-header-display":"","ast-hfb-below-header-display":"","ast-hfb-mobile-header-display":"","site-post-title":"disabled","ast-breadcrumbs-content":"","ast-featured-img":"disabled","footer-sml-layout":"","theme-transparent-header-meta":"","adv-header-id-meta":"","stick-header-meta":"","header-above-stick-meta":"","header-main-stick-meta":"","header-below-stick-meta":"","astra-migrate-meta-layouts":"set","ast-page-background-enabled":"default","ast-page-background-meta":{"desktop":{"background-color":"var(--ast-global-color-4)","background-image":"","background-repeat":"repeat","background-position":"center center","background-size":"auto","background-attachment":"scroll","background-type":"","background-media":"","overlay-type":"","overlay-color":"","overlay-opacity":"","overlay-gradient":""},"tablet":{"background-color":"","background-image":"","background-repeat":"repeat","background-position":"center center","background-size":"auto","background-attachment":"scroll","background-type":"","background-media":"","overlay-type":"","overlay-color":"","overlay-opacity":"","overlay-gradient":""},"mobile":{"background-color":"","background-image":"","background-repeat":"repeat","background-position":"center center","background-size":"auto","background-attachment":"scroll","background-type":"","background-media":"","overlay-type":"","overlay-color":"","overlay-opacity":"","overlay-gradient":""}},"ast-content-background-meta":{"desktop":{"background-color":"var(--ast-global-color-5)","background-image":"","background-repeat":"repeat","background-position":"center center","background-size":"auto","background-attachment":"scroll","background-type":"","background-media":"","overlay-type":"","overlay-color":"","overlay-opacity":"","overlay-gradient":""},"tablet":{"background-color":"var(--ast-global-color-5)","background-image":"","background-repeat":"repeat","background-position":"center center","background-size":"auto","background-attachment":"scroll","background-type":"","background-media":"","overlay-type":"","overlay-color":"","overlay-opacity":"","overlay-gradient":""},"mobile":{"background-color":"var(--ast-global-color-5)","background-image":"","background-repeat":"repeat","background-position":"center center","background-size":"auto","background-attachment":"scroll","background-type":"","background-media":"","overlay-type":"","overlay-color":"","overlay-opacity":"","overlay-gradient":""}},"footnotes":""},"class_list":["post-5067","page","type-page","status-publish","hentry"],"_links":{"self":[{"href":"https:\/\/hivecancun.com\/en\/wp-json\/wp\/v2\/pages\/5067"}],"collection":[{"href":"https:\/\/hivecancun.com\/en\/wp-json\/wp\/v2\/pages"}],"about":[{"href":"https:\/\/hivecancun.com\/en\/wp-json\/wp\/v2\/types\/page"}],"author":[{"embeddable":true,"href":"https:\/\/hivecancun.com\/en\/wp-json\/wp\/v2\/users\/1"}],"replies":[{"embeddable":true,"href":"https:\/\/hivecancun.com\/en\/wp-json\/wp\/v2\/comments?post=5067"}],"version-history":[{"count":19,"href":"https:\/\/hivecancun.com\/en\/wp-json\/wp\/v2\/pages\/5067\/revisions"}],"predecessor-version":[{"id":10214,"href":"https:\/\/hivecancun.com\/en\/wp-json\/wp\/v2\/pages\/5067\/revisions\/10214"}],"wp:attachment":[{"href":"https:\/\/hivecancun.com\/en\/wp-json\/wp\/v2\/media?parent=5067"}],"curies":[{"name":"wp","href":"https:\/\/api.w.org\/{rel}","templated":true}]}}